{"id":971,"date":"2018-04-17T14:09:47","date_gmt":"2018-04-17T12:09:47","guid":{"rendered":"http:\/\/ambadue.com\/online\/?post_type=product&#038;p=971"},"modified":"2026-04-08T16:24:23","modified_gmt":"2026-04-08T14:24:23","slug":"revitalizing-mist-face-toner","status":"publish","type":"product","link":"https:\/\/ambadue.com\/online\/prodotto\/revitalizing-mist-face-toner\/","title":{"rendered":"serum cleanser"},"content":{"rendered":"<div class=\"page\" title=\"Page 16\">\n<div class=\"layoutArea\">\n<div class=\"column\">\n<p style=\"font-weight: 400\">PRESENTAZIONE<\/p>\n<p style=\"font-weight: 400\">Detergente in siero formulato con tensioattivi delicati per favorire il mantenimento della funzione barriera della pelle. Formula adatta a rimuovere le impurit\u00e0 cutanee lasciando la pelle morbida, nutrita e pronta ai successivi trattamenti cosmetici.<\/p>\n<p style=\"font-weight: 400\">LA FORMULA<\/p>\n<p style=\"font-weight: 400\"><strong><em>Saponine del t\u00e8<\/em><\/strong><\/p>\n<p style=\"font-weight: 400\">Tensioattivo naturale estratto dal seme della Camellia Oleifera grazie ad una esclusiva estrazione verde. Questo derivato della saponina del t\u00e8 ad elevata purezza, ha eccellenti propriet\u00e0 protettive, grazie al contenuto di polisaccaridi, lenitive e calmanti. *<\/p>\n<p style=\"font-weight: 400\"><em><strong>Olio di riso<\/strong><br \/>\n<\/em><br \/>\nOlio con propriet\u00e0 antiossidante, emolliente e restitutiva<em><br \/>\n<\/em><\/p>\n<p style=\"font-weight: 400\"><strong><em>Blend di oli fermentati<\/em><\/strong><\/p>\n<p style=\"font-weight: 400\">E\u2019 formato da oli fermentati, una nuova categoria di oli vegetali prodotti attraverso l&#8217;esclusiva tecnologia di fermentazione dell&#8217;olio che comporta una concentrazione di acidi grassi liberi pi\u00f9\u0300 elevati ed un miglioramento dell&#8217;assorbimento cutaneo.* E\u0300 ben noto che la penetrazione dei composti attivi dipende dalle dimensioni delle molecole. Le propriet\u00e0 e i componenti delle materie prime vengono modificati durante il processo di fermentazione che e\u0300 un processo di conversione di composti organici attraverso l\u2019uso di vari microorganismi. Da tale processo si ottengono attivi maggiormente biodisponibili proprio grazie alle loro dimensioni ridotte e questo aiuta una migliore penetrazione nella pelle.<br \/>\nPer la formulazione \u00e8 stato scelto un esclusivo blend di oli fermentati con propriet\u00e0 antiossidanti e rassodanti per una pelle pi\u00f9 tonica ed elastica.<\/p>\n<p style=\"font-weight: 400\"><strong><em>Oleolito biologico di edera e betulla<\/em><\/strong><\/p>\n<p style=\"font-weight: 400\">Estratti biologici dalle propriet\u00e0 tonificanti, purificanti ed elasticizzanti<\/p>\n<p style=\"font-weight: 400\"><strong><em>Vaccinium Angustifolium (Blueberry) Fruit Extract<\/em><\/strong><\/p>\n<p style=\"font-weight: 400\"><em>\u00a0<\/em>Difensore della pelle e potente antiossidante*<\/p>\n<p style=\"font-weight: 400\"><strong><em>Yeast Extract<\/em><\/strong><\/p>\n<p style=\"font-weight: 400\">Estratto di Saccharomyces Cerevisiae svolge un ruolo chiave nella rigenerazione della pelle.*<em>\u00a0<\/em><\/p>\n<p style=\"font-weight: 400\"><em><strong>Agrimonia Eupatoria Extract<\/strong><\/em><\/p>\n<p style=\"font-weight: 400\">Lenitivo per la pelle, noto per le sue propriet\u00e0 calmanti e astringenti<\/p>\n<p style=\"font-weight: 400\"><strong><em>Potentilla Erecta Root Extract<\/em><\/strong><\/p>\n<p style=\"font-weight: 400\">Alleato per la pelle, rigenerante.*<\/p>\n<p style=\"font-weight: 400\"><strong><em>Ascophyllum Nodosum Extract<\/em><\/strong><\/p>\n<p style=\"font-weight: 400\">Booster di idratazione, estratto che aiuta a migliorare l&#8217;elasticit\u00e0 cutanea.*<\/p>\n<p style=\"font-weight: 400\"><strong><em>\u200b<\/em><em>Natural Fragrance:<\/em><\/strong><\/p>\n<p style=\"font-weight: 400\">Fragranza completamente naturale, speziata. \u00c8 una sinfonia per i sensi, una danza di intensit\u00e0 ed eleganza dove spiccano note di cardamomo, pepe sichuan, legno di cedro e coriandolo.<\/p>\n<p style=\"font-weight: 400\"><em>*Ricerca bibliografica<\/em><\/p>\n<p>&nbsp;<\/p>\n<p style=\"font-weight: 400\">MODO D\u2019USO<br \/>\nMassaggiare delicatamente il siero detergente sulla pelle del viso e collo. Risciacquare il prodotto.<\/p>\n<p style=\"font-weight: 400\">AVVERTENZE<br \/>\nProdotto cosmetico per uso esterno. Non utilizzare su cute lesa. Non ingerire. Evitare il contatto con gli occhi. Tenere fuori dalla portata dei bambini. Conservare in luogo fresco e asciutto, lontano da fonti di calore e dalla luce diretta del sole.\u00a0L\u2019uso del prodotto \u00e8 controindicato in caso di ipersensibilit\u00e0 individuale accertata allo stesso e a qualunque suo componente. Eventuali\u00a0variazioni\u00a0di\u00a0colore o\u00a0precipitazioni\u00a0sono\u00a0possibili e legati alla naturalit\u00e0 del prodotto.<\/p>\n<p>&nbsp;<\/p>\n<\/div>\n<\/div>\n<\/div>\n","protected":false},"excerpt":{"rendered":"<div class=\"page\" title=\"Page 16\">\n<div class=\"layoutArea\">\n<div class=\"column\">\n<p style=\"font-weight: 400\">Detergente in siero formulato con tensioattivi delicati per favorire il mantenimento della funzione barriera della pelle. Formula adatta a rimuovere le impurit\u00e0 cutanee lasciando la pelle morbida, nutrita e pronta ai successivi trattamenti cosmetici.<\/p>\n<\/div>\n<\/div>\n<\/div>\n","protected":false},"featured_media":14204,"template":"","meta":{"_acf_changed":false},"product_cat":[29],"product_tag":[],"class_list":{"0":"post-971","1":"product","2":"type-product","3":"status-publish","4":"has-post-thumbnail","6":"product_cat-ritual","8":"first","9":"instock","10":"shipping-taxable","11":"purchasable","12":"product-type-simple"},"acf":[],"_links":{"self":[{"href":"https:\/\/ambadue.com\/online\/wp-json\/wp\/v2\/product\/971","targetHints":{"allow":["GET"]}}],"collection":[{"href":"https:\/\/ambadue.com\/online\/wp-json\/wp\/v2\/product"}],"about":[{"href":"https:\/\/ambadue.com\/online\/wp-json\/wp\/v2\/types\/product"}],"wp:featuredmedia":[{"embeddable":true,"href":"https:\/\/ambadue.com\/online\/wp-json\/wp\/v2\/media\/14204"}],"wp:attachment":[{"href":"https:\/\/ambadue.com\/online\/wp-json\/wp\/v2\/media?parent=971"}],"wp:term":[{"taxonomy":"product_cat","embeddable":true,"href":"https:\/\/ambadue.com\/online\/wp-json\/wp\/v2\/product_cat?post=971"},{"taxonomy":"product_tag","embeddable":true,"href":"https:\/\/ambadue.com\/online\/wp-json\/wp\/v2\/product_tag?post=971"}],"curies":[{"name":"wp","href":"https:\/\/api.w.org\/{rel}","templated":true}]}}