{"id":1351,"date":"2019-08-26T15:10:23","date_gmt":"2019-08-26T13:10:23","guid":{"rendered":"https:\/\/ambadue.com\/online\/?post_type=product&#038;p=1351"},"modified":"2026-01-12T10:16:28","modified_gmt":"2026-01-12T09:16:28","slug":"jewel-diamond-edition-50-ml","status":"publish","type":"product","link":"https:\/\/ambadue.com\/online\/prodotto\/jewel-diamond-edition-50-ml\/","title":{"rendered":"Jewel face cream"},"content":{"rendered":"<p>PRESENTAZIONE<\/p>\n<p>Jewel \u00e8 un cosmetico per il viso high-tech che si adatta alle diverse fasi della giornata cos\u00ec da garantire una copertura H-24 o una mirata e specifica azione dipendentemente lo si usi di giorno o di notte.<br \/>\nLa pelle, infatti, durante la giornata ha necessit\u00e0 diverse, cos\u00ec jewel \u00e8 stato concepito per adattarsi a queste diverse fasi e predisporre una azione diversa a seconda che la pelle sia illuminata dal sole o che si stia dolcemente rilassando durante il riposo notturno. Jewel \u00e8 infatti un crono-cosmetico perch\u00e9 ideato con un modello formulativo che si basa sui ritmi circadiani e sulle differenti variabili cutanee che caratterizzano la pelle di giorno e di notte.<br \/>\nDurante la notte, infatti, la pelle aziona meccanismi molto specifici di \u201crigenerazione-ripristino e depurazione\u201d processi che di giorno scemano a favore di una necessit\u00e0 pi\u00f9 specificatamente rivolta alla protezione e alla difesa della cute, la quale \u00e8 costantemente minacciata dall\u2019ossidazione, glicazione e stress.<\/p>\n<p>LA FORMULA<\/p>\n<p><em><strong>Soft-focus<\/strong><\/em><br \/>\nDurante il giorno si attiver\u00e0 l\u2019azione del pigmento soft focus dalle speciali propriet\u00e0 ottiche e illuminanti. Come la polvere di diamante con cui \u00e8 formulato, Jewel rifletter\u00e0 e diffonder\u00e0 la luce in modo uniforme in tutte le direzioni migliorando l\u2019incarnato e rendendolo uniforme ed estremamente luminoso. Ottimo se usato prima del trucco perch\u00e9 andr\u00e0 a potenziare l\u2019effetto illuminante del make-up<strong><em>.<\/em><\/strong><\/p>\n<p><em><strong>Palmitoyl Tripeptide -53 amide<\/strong><\/em><br \/>\nPotenziando l\u2019azione illuminante e con una sinergica azione uniformante e preventiva nella formazione di macchie cutanee, il Palmitoyl Tripeptide -53 amide protegger\u00e0 la pelle dai danni causati da una sovraesposizione alla radiazione UV.<\/p>\n<p><strong><em>Enzimi sinergici &#8211; luce blu<br \/>\n<\/em><\/strong><span class=\"x_JsGRdQ\">Enzimi sinergici che combattono il photo-aging ma anche gli effetti avversi sulla pelle dovuti alla luce blu. Queste reazioni enzimatiche avvengono in presenza di luce, solare o emessa dai device elettronici.<span class=\"x_Apple-converted-space\">\u00a0<\/span><\/span><span class=\"x_JsGRdQ\">La fotoliasi <span class=\"markkt46oqjl1\" data-markjs=\"true\" data-ogac=\"\" data-ogab=\"\" data-ogsc=\"\" data-ogsb=\"\">CPD<\/span><\/span><span class=\"x_JsGRdQ\"><span class=\"x_Apple-converted-space\">\u00a0<\/span>verr\u00e0 attivata ogni volta che la luce blu (emessa principalmente dal sole ma anche dai dipositivi<\/span><span class=\"x_JsGRdQ x_white-space-prewrap\"><span class=\"x_Apple-converted-space\">\u00a0<\/span><span class=\"x_Apple-converted-space\">\u00a0<\/span><\/span><span class=\"x_JsGRdQ\">elettronici\/luce artificiale) impatter\u00e0 sulla pelle e sar\u00e0 in grado di sfruttarla per la riparazione del DNA cellulare.<span class=\"x_Apple-converted-space\">\u00a0<\/span><\/span><span class=\"x_JsGRdQ\">La ficocianina,<\/span><span class=\"x_JsGRdQ\"><span class=\"x_Apple-converted-space\">\u00a0<\/span>un potente antiossidante e pigmento fotosintetico deputato all\u2019assorbimento della luce, protegger\u00e0 invece la pelle attraverso una riflessione della luce blu e come scavenger dei ROS.<\/span><\/p>\n<p><em><strong>Polvere di diamante, Acetyl Sh-Pentapeptide-35<br \/>\n<\/strong><\/em>Un cosmetico diamond edition che deve la sua preziosit\u00e0 alla presenza della polvere di diamante, un vero gioiello di materia prima. Il reticolo cristallino del diamante ha una funzione specifica e tecnologicamente avanzata: diventa scudo e carrier per aiutare i peptidi biomimetici a cui \u00e8 legato (Acetyl Sh-Pentapeptide-35) ad ottimizzare la loro biodisponibilit\u00e0 e azione pro-ageing. Lo scudo protettivo ed estremamente prezioso dato dal diamante funger\u00e0 da veicolo per l\u2019assorbimento percutaneo causando un effetto \u201critardo\u201d sul rilascio del peptide a cui \u00e8 legato, cosi da assicurane la maggiore stabilit\u00e0. L\u2019efficacia del principio funzionale si \u00e8 dimostrata nello stimolare l\u2019azione di proteine enzimatiche (SIRT1), potenti fattori pro-ageing che promuoveranno reazioni intracellulari contro tutti quei fattori responsabili dell\u2019invecchiamento cellulare. * Per la sua massima funzionalit\u00e0 attendiamo la notte quando la permeabilit\u00e0 cutanea aumenter\u00e0 e cosi la penetrazione dell\u2019attivo in relazione alla diminuzione dello spessore epidermico e alla diminuzione della funzione barriera necessaria nelle ore diurne per contrastare gli stressor esterni.<\/p>\n<p><strong><em>Enzimi sinergici-di notte<\/em><br \/>\n<\/strong>Con il riposo notturno e una fisiologica reazione di rigenerazione e ripristino, senza necessit\u00e0 di luce e senza sosta altre reazioni ed enzimi (oxoguanina glicosilasi, tioredossina e endonucleasi) lavoreranno in sinergia potenziando il nostro sistema di riparazione e protezione antiossidante riducendo gli eventuali segni dovuti ad un riposo non ottimale. In questo modo grazie a Jewel avremo una profonda riparazione notturna.*<\/p>\n<p><em><strong>Kigelia Africana Fruit Extract, Akebia Quinata Extract, Cimicifuga Racemosa Root Extract, Polygonum Cuspidatum Root Extract, Angelica Polymorpha Sinensis Root Extract, Trifolium Pratense (Clover) Extract, Pueraria LobataRoot Extract, Dioscorea Villosa(Wild Yam)Root Extract<br \/>\n<\/strong><\/em>Il complesso di estratti vegetali la cui sinergia ha dimostrato di inibire la produzione degli AGE (acronimo di \u201cAdvanced Glycation End-products\u201d che sono prodotti finali ed avanzati della reazione di glicazione) proprio nella fase notturna trover\u00e0 la massima affinit\u00e0 cutanea, in termini di permeabilit\u00e0 e\u00a0 funzionalit\u00e0.<\/p>\n<p>*ricerca bibliografica<\/p>\n<p>AVVERTENZE<br \/>\nProdotto dermocosmetico per uso esterno. Non utilizzare su cute lesa. Evitare il contatto con gli occhi. Tenere fuori dalla portata dei bambini. Conservare in luogo fresco e asciutto, lontano da fonti di calore. Non esporre alla luce solare. L\u2019uso del prodotto \u00e8 controindicato in caso di ipersensibilit\u00e0 individuale accertata allo stesso e a qualunque suo componente. Una variazione di colore \u00e8 possibile ed \u00e8 legata alla naturalit\u00e0 del prodotto.<\/p>\n<p>&nbsp;<\/p>\n","protected":false},"excerpt":{"rendered":"<p>Formula funzionale in crema caratterizzata da peptidi biomimetici coniugati alla polvere di diamante.<\/p>\n<p>&nbsp;<\/p>\n","protected":false},"featured_media":1568,"template":"","meta":{"_acf_changed":false},"product_cat":[86],"product_tag":[],"class_list":{"0":"post-1351","1":"product","2":"type-product","3":"status-publish","4":"has-post-thumbnail","6":"product_cat-ultra-luxury","8":"first","9":"outofstock","10":"shipping-taxable","11":"purchasable","12":"product-type-simple"},"acf":[],"_links":{"self":[{"href":"https:\/\/ambadue.com\/online\/wp-json\/wp\/v2\/product\/1351","targetHints":{"allow":["GET"]}}],"collection":[{"href":"https:\/\/ambadue.com\/online\/wp-json\/wp\/v2\/product"}],"about":[{"href":"https:\/\/ambadue.com\/online\/wp-json\/wp\/v2\/types\/product"}],"wp:featuredmedia":[{"embeddable":true,"href":"https:\/\/ambadue.com\/online\/wp-json\/wp\/v2\/media\/1568"}],"wp:attachment":[{"href":"https:\/\/ambadue.com\/online\/wp-json\/wp\/v2\/media?parent=1351"}],"wp:term":[{"taxonomy":"product_cat","embeddable":true,"href":"https:\/\/ambadue.com\/online\/wp-json\/wp\/v2\/product_cat?post=1351"},{"taxonomy":"product_tag","embeddable":true,"href":"https:\/\/ambadue.com\/online\/wp-json\/wp\/v2\/product_tag?post=1351"}],"curies":[{"name":"wp","href":"https:\/\/api.w.org\/{rel}","templated":true}]}}