{"id":745,"date":"2017-11-21T13:13:40","date_gmt":"2017-11-21T12:13:40","guid":{"rendered":"http:\/\/ambadue.com\/online\/?page_id=745"},"modified":"2022-03-08T13:03:11","modified_gmt":"2022-03-08T12:03:11","slug":"amore-al-naturale","status":"publish","type":"page","link":"https:\/\/ambadue.com\/online\/amore-al-naturale\/","title":{"rendered":"Amore al naturale"},"content":{"rendered":"<div id=\"pl-745\"  class=\"panel-layout\" ><div id=\"pg-745-0\"  class=\"panel-grid panel-has-style\" ><div class=\"panel-row-style panel-row-style-for-745-0\" ><div id=\"pgc-745-0-0\"  class=\"panel-grid-cell\" ><div id=\"panel-745-0-0-0\" class=\"so-panel widget widget_primrose-sow-heading panel-first-child\" data-index=\"0\" ><div\n\t\t\t\n\t\t\tclass=\"so-widget-primrose-sow-heading so-widget-primrose-sow-heading-default-d75171398898-745\"\n\t\t\t\n\t\t><h2 class=\"primrose-sow-heading primrose-sow-alignment-left\">Amore al naturale<\/h2><\/div><\/div><div id=\"panel-745-0-0-1\" class=\"so-panel widget widget_sow-editor panel-last-child\" data-index=\"1\" ><div\n\t\t\t\n\t\t\tclass=\"so-widget-sow-editor so-widget-sow-editor-base\"\n\t\t\t\n\t\t>\n<div class=\"siteorigin-widget-tinymce textwidget\">\n\t<p><span style=\"text-align: justify\">AMBADU\u00c9 \u00e8 un brand italiano di cosmesi biologica che parla di natura presentando delle garanzie: estratti vegetali di alta qualit\u00e0, materie prime da fonti rinnovabili, attivi di derivazione naturale altamente innovativi.<br \/>\n<\/span>Per noi, aderire a degli standard di certificazione vuole dire massima trasparenza con il cliente. <strong>Naturale si, ma certificato!<br \/>\n<\/strong>Le nostre certificazioni, la tua tranquillit\u00e0:<\/p>\n<p><img loading=\"lazy\" decoding=\"async\" class=\"alignnone size-full wp-image-892\" src=\"http:\/\/ambadue.com\/online\/wp-content\/uploads\/2017\/12\/aiab.png\" alt=\"\" width=\"130\" height=\"125\" \/><br \/>\n<strong>Le nostre formule naturali hanno una scadenza<\/strong>. In tutte le confezioni dei prodotti AMBADU\u00c9 viene posta una data di scadenza di 24 mesi dalla produzione.\u00a0<span class=\"\">Abbiamo fatto questa scelta per due motivi:\u00a0<\/span><\/p>\n<ol>\n<li><span class=\"\">Anche se tutti i nostri prodotti hanno superato i test di conservazione e quindi, secondo la legge L.<\/span><span class=\"\">\u00a0<\/span><span class=\"\">1223\/2009, i cosmetici AMBADU\u00c9 dovrebbero avere la sola indicazione del PAO\u00a0<\/span><span class=\"\">(<i class=\"\">Period After Opening<\/i><b class=\"\">,\u00a0<\/b><\/span><span class=\"\">periodo di tempo durante il quale il prodotto pu\u00f2 essere utilizzato dopo l\u2019apertura senza effetti nocivi) noi vogliamo dimostrarvi che state utilizzando un cosmetico la cui vita\u00a0<b class=\"\">non<\/b>\u00a0\u00e8 superiore ai 30 mesi. Secondo la legge, infatti, se un cosmetico indica solo il PAO vuol dire che, secondo i test, si mantiene integro per pi\u00f9 di 30 mesi. Ma senza una data di scadenza, non si pu\u00f2 avere la percezione di quando \u00e8 stato prodotto il lotto e quindi si potrebbe avere tra le mani un cosmetico prodotto da pi\u00f9 di 30 mesi, in teoria anche da diversi anni. Quindi oltre il PAO, noi mettiamo anche la data di scadenza.<\/span><\/li>\n<li><span class=\"\">I prodotti cosmetici\u00a0<\/span><span class=\"\">AMBADU\u00c9<\/span><span class=\"\">\u00a0sono formulati con attivi naturali che si possono degradare nel tempo. Ecco perch\u00e9 \u00e8 importante porre una data di scadenza a dimostrazione che il prodotto presente sul mercato, mantiene le propriet\u00e0 degli attivi che lo costituiscono. In pi\u00f9 produciamo piccoli lotti ma continui cosi da proporre cosmetici appena prodotti. \u00a0<\/span><\/li>\n<\/ol>\n<\/div>\n<\/div><\/div><\/div><div id=\"pgc-745-0-1\"  class=\"panel-grid-cell\" ><div id=\"panel-745-0-1-0\" class=\"so-panel widget widget_sow-image panel-first-child\" data-index=\"2\" ><div\n\t\t\t\n\t\t\tclass=\"so-widget-sow-image so-widget-sow-image-default-dbf295114b96-745\"\n\t\t\t\n\t\t>\n\n<div class=\"sow-image-container\">\n\t\t<img loading=\"lazy\" decoding=\"async\" src=\"https:\/\/ambadue.com\/online\/wp-content\/uploads\/2017\/11\/DSC_1357-1.jpg\" width=\"1200\" height=\"1797\" srcset=\"https:\/\/ambadue.com\/online\/wp-content\/uploads\/2017\/11\/DSC_1357-1.jpg 1200w, https:\/\/ambadue.com\/online\/wp-content\/uploads\/2017\/11\/DSC_1357-1-480x719.jpg 480w, https:\/\/ambadue.com\/online\/wp-content\/uploads\/2017\/11\/DSC_1357-1-1080x1617.jpg 1080w, https:\/\/ambadue.com\/online\/wp-content\/uploads\/2017\/11\/DSC_1357-1-200x300.jpg 200w, https:\/\/ambadue.com\/online\/wp-content\/uploads\/2017\/11\/DSC_1357-1-768x1150.jpg 768w, https:\/\/ambadue.com\/online\/wp-content\/uploads\/2017\/11\/DSC_1357-1-684x1024.jpg 684w\" sizes=\"auto, (max-width: 1200px) 100vw, 1200px\" title=\"ambadue-Maria Paola Merlo\" alt=\"ambadue-Maria Paola Merlo\" \t\tclass=\"so-widget-image\"\/>\n\t<\/div>\n\n<\/div><\/div><div id=\"panel-745-0-1-1\" class=\"so-panel widget widget_sow-image panel-last-child\" data-index=\"3\" ><div\n\t\t\t\n\t\t\tclass=\"so-widget-sow-image so-widget-sow-image-default-dbf295114b96-745\"\n\t\t\t\n\t\t>\n\n<div class=\"sow-image-container\">\n\t\t<img loading=\"lazy\" decoding=\"async\" src=\"https:\/\/ambadue.com\/online\/wp-content\/uploads\/2017\/09\/ingredienti-1.png\" width=\"369\" height=\"246\" srcset=\"https:\/\/ambadue.com\/online\/wp-content\/uploads\/2017\/09\/ingredienti-1.png 369w, https:\/\/ambadue.com\/online\/wp-content\/uploads\/2017\/09\/ingredienti-1-300x200.png 300w, https:\/\/ambadue.com\/online\/wp-content\/uploads\/2017\/09\/ingredienti-1-272x182.png 272w\" sizes=\"auto, (max-width: 369px) 100vw, 369px\" title=\"ambadue-Maria Paola Merlo\" alt=\"ambadue-Maria Paola Merlo\" \t\tclass=\"so-widget-image\"\/>\n\t<\/div>\n\n<\/div><\/div><\/div><\/div><\/div><div id=\"pg-745-1\"  class=\"panel-grid panel-no-style\" ><div id=\"pgc-745-1-0\"  class=\"panel-grid-cell panel-grid-cell-empty\" ><\/div><\/div><\/div>","protected":false},"excerpt":{"rendered":"<p>AMBADU\u00c9 \u00e8 un brand italiano di cosmesi biologica che parla di natura presentando delle garanzie: estratti vegetali di alta qualit\u00e0, materie prime da fonti rinnovabili, attivi di derivazione naturale altamente innovativi. Per noi, aderire a degli standard di certificazione vuole dire massima trasparenza con il cliente. Naturale si, ma certificato! Le nostre certificazioni, la tua [&hellip;]<\/p>\n","protected":false},"author":1,"featured_media":0,"parent":0,"menu_order":0,"comment_status":"closed","ping_status":"closed","template":"page-templates\/blank.php","meta":{"_acf_changed":false,"footnotes":""},"coauthors":[51],"class_list":["post-745","page","type-page","status-publish","hentry"],"acf":[],"_links":{"self":[{"href":"https:\/\/ambadue.com\/online\/wp-json\/wp\/v2\/pages\/745","targetHints":{"allow":["GET"]}}],"collection":[{"href":"https:\/\/ambadue.com\/online\/wp-json\/wp\/v2\/pages"}],"about":[{"href":"https:\/\/ambadue.com\/online\/wp-json\/wp\/v2\/types\/page"}],"author":[{"embeddable":true,"href":"https:\/\/ambadue.com\/online\/wp-json\/wp\/v2\/users\/1"}],"replies":[{"embeddable":true,"href":"https:\/\/ambadue.com\/online\/wp-json\/wp\/v2\/comments?post=745"}],"version-history":[{"count":51,"href":"https:\/\/ambadue.com\/online\/wp-json\/wp\/v2\/pages\/745\/revisions"}],"predecessor-version":[{"id":13915,"href":"https:\/\/ambadue.com\/online\/wp-json\/wp\/v2\/pages\/745\/revisions\/13915"}],"wp:attachment":[{"href":"https:\/\/ambadue.com\/online\/wp-json\/wp\/v2\/media?parent=745"}],"wp:term":[{"taxonomy":"author","embeddable":true,"href":"https:\/\/ambadue.com\/online\/wp-json\/wp\/v2\/coauthors?post=745"}],"curies":[{"name":"wp","href":"https:\/\/api.w.org\/{rel}","templated":true}]}}