{"id":54,"date":"2016-01-15T00:50:31","date_gmt":"2016-01-14T23:50:31","guid":{"rendered":"http:\/\/singlestroke.io\/demo\/primrose-wp\/?page_id=54"},"modified":"2022-02-04T15:37:54","modified_gmt":"2022-02-04T14:37:54","slug":"home","status":"publish","type":"page","link":"https:\/\/ambadue.com\/online\/","title":{"rendered":"Home"},"content":{"rendered":"<div id=\"pl-54\"  class=\"panel-layout\" ><div id=\"pg-54-0\"  class=\"panel-grid panel-has-style\" ><div class=\"siteorigin-panels-stretch panel-row-style panel-row-style-for-54-0\" data-stretch-type=\"full-stretched\" ><div id=\"pgc-54-0-0\"  class=\"panel-grid-cell\" ><div id=\"panel-54-0-0-0\" class=\"so-panel widget widget_primrose-sow-hero-slider panel-first-child panel-last-child\" data-index=\"0\" ><div\n\t\t\t\n\t\t\tclass=\"so-widget-primrose-sow-hero-slider so-widget-primrose-sow-hero-slider-default-d5ac2fc7e6eb-54\"\n\t\t\t\n\t\t>\t<div class=\"primrose-sow-hero-slider slick\" data-autoplay=\"5000\">\r\n\t\t\t\t\t<div class=\"primrose-sow-hero-slide primrose-sow-hero-slide-0\" style=\"background-color: #f3f3f3;\">\r\n\t\t\t\t<div class=\"primrose-sow-hero-slide-background primrose-sow-background-cover \">\r\n\t\t\t\t\t\r\n\t\t\t\t\t\t\t\t\t\t\t\t<img class=\"primrose-sow-hero-slide-background-image\" alt=\"\"\r\n\t\t\t\t\t\t\t\tsrc=\"https:\/\/ambadue.com\/online\/wp-content\/uploads\/2016\/01\/ambadue.jpg\"\r\n\t\t\t\t\t\t\t\theight=\"964\"\r\n\t\t\t\t\t\t\t\twidth=\"1444\"\r\n\t\t\t\t\t\t\t\t>\r\n\t\t\t\t\t\t\r\n\t\t\t\t\t\r\n\t\t\t\t<\/div><!-- .primrose-sow-hero-slide-background -->\r\n\r\n\t\t\t\t<div class=\"primrose-sow-hero-slide-overlay\" style=\"background-color: rgba(0,0,0,0);\"><\/div>\r\n\r\n\t\t\t\t<div class=\"primrose-sow-hero-slide-content\">\r\n\t\t\t\t\t<div class=\"primrose-sow-hero-slide-content-inner\">\r\n\t\t\t\t\t\t\t\t\t\t\t\t\t<div class=\"primrose-sow-hero-slide-title\">ORGANIC BEAUTY CARE<\/div>\r\n\t\t\t\t\t\t\r\n\t\t\t\t\t\t<div\n\t\t\t\n\t\t\tclass=\"so-widget-primrose-sow-buttons so-widget-primrose-sow-buttons-default-939602cfe3c9\"\n\t\t\t\n\t\t>\t<div class=\"primrose-sow-buttons primrose-sow-alignment-center\">\r\n\t\t\t\t\t<a href=\"https:\/\/ambadue.com\/online\/shop\/\"\r\n\t\t\t\tclass=\"primrose-sow-button primrose-sow-button-0 button anchor-link\"\r\n\t\t\t\t>\r\n\t\t\t\tGuarda i prodotti\t\t\t<\/a>\r\n\t\t\t<\/div><!-- .primrose-sow-buttons -->\r\n<\/div>\t\t\t\t\t<\/div>\r\n\t\t\t\t<\/div><!-- .primrose-sow-hero-slide-content -->\r\n\t\t\t\t\r\n\t\t\t<\/div><!-- .primrose-sow-hero-slide -->\r\n\t\t\t<\/div><!-- .primrose-sow-hero-slider -->\r\n<\/div><\/div><\/div><\/div><\/div><div id=\"pg-54-1\"  class=\"panel-grid panel-has-style\" ><div class=\"panel-row-style panel-row-style-for-54-1\" ><div id=\"pgc-54-1-0\"  class=\"panel-grid-cell panel-grid-cell-empty\" ><\/div><div id=\"pgc-54-1-1\"  class=\"panel-grid-cell panel-grid-cell-mobile-last\" ><div id=\"panel-54-1-1-0\" class=\"so-panel widget widget_primrose-sow-cta panel-first-child panel-last-child\" data-index=\"1\" ><div\n\t\t\t\n\t\t\tclass=\"so-widget-primrose-sow-cta so-widget-primrose-sow-cta-default-d75171398898-54\"\n\t\t\t\n\t\t><div class=\"primrose-sow-cta primrose-sow-cta-\">\r\n\t\t\t<div class=\"primrose-sow-cta-text\">AMBADU\u00c9 \u00e8 un brand di eco bio cosmesi: formulazioni con attivi certificati di derivazione naturale e biologica. <br \/> <img decoding=\"async\" style=\"margin: 10px 0 0 0\" src=\"https:\/\/ambadue.com\/online\/wp-content\/uploads\/2017\/12\/loghi-bio.png\" \/><\/div>\r\n\t\r\n\t<div\n\t\t\t\n\t\t\tclass=\"so-widget-primrose-sow-buttons so-widget-primrose-sow-buttons-default-37a6259cc0c1\"\n\t\t\t\n\t\t><\/div><\/div><!-- .primrose-sow-cta --><\/div><\/div><\/div><div id=\"pgc-54-1-2\"  class=\"panel-grid-cell panel-grid-cell-empty\" ><\/div><\/div><\/div><div id=\"pg-54-2\"  class=\"panel-grid panel-has-style\" ><div class=\"siteorigin-panels-stretch panel-row-style panel-row-style-for-54-2\" data-stretch-type=\"full\" id=\"features\" data-anchor=\"features\" ><div id=\"pgc-54-2-0\"  class=\"panel-grid-cell\" ><div id=\"panel-54-2-0-0\" class=\"so-panel widget widget_primrose-sow-feature panel-first-child panel-last-child\" data-index=\"2\" ><div\n\t\t\t\n\t\t\tclass=\"so-widget-primrose-sow-feature so-widget-primrose-sow-feature-default-d75171398898-54\"\n\t\t\t\n\t\t><div class=\"primrose-sow-feature\">\r\n\t<div class=\"primrose-sow-feature-icon\"><img loading=\"lazy\" decoding=\"async\" width=\"181\" height=\"43\" src=\"https:\/\/ambadue.com\/online\/wp-content\/uploads\/2017\/09\/constellation_ambadue_1.png\" class=\"attachment-full size-full\" alt=\"\" \/><\/div>\r\n\t<h4 class=\"primrose-sow-feature-heading\" style=\"color: #333333;\">Chimica e Cosmesi<\/h4>\r\n\t<div class=\"primrose-sow-feature-description\">AMBADU\u00c9 \u00e8 fondato sulla conoscenza di una chimica della bellezza funzionale e affine alla pelle. Formule altamente concentrate con attivi di derivazione vegetale e biologica. <a href=\"https:\/\/ambadue.com\/online\/chimica-e-cosmesi\/\">[leggi tutto]<\/a><\/div>\r\n<\/div><!-- .primrose-sow-feature --><\/div><\/div><\/div><div id=\"pgc-54-2-1\"  class=\"panel-grid-cell\" ><div id=\"panel-54-2-1-0\" class=\"so-panel widget widget_primrose-sow-feature panel-first-child panel-last-child\" data-index=\"3\" ><div\n\t\t\t\n\t\t\tclass=\"so-widget-primrose-sow-feature so-widget-primrose-sow-feature-default-d75171398898-54\"\n\t\t\t\n\t\t><div class=\"primrose-sow-feature\">\r\n\t<div class=\"primrose-sow-feature-icon\"><img loading=\"lazy\" decoding=\"async\" width=\"181\" height=\"43\" src=\"https:\/\/ambadue.com\/online\/wp-content\/uploads\/2017\/09\/constellation_ambadue_2.png\" class=\"attachment-full size-full\" alt=\"\" \/><\/div>\r\n\t<h4 class=\"primrose-sow-feature-heading\" style=\"color: #333333;\">Questione di chimica<\/h4>\r\n\t<div class=\"primrose-sow-feature-description\">La natura \u00e8 tutta questione di chimica.\nLa chimica \u00e8 una scienza che spiega e motiva la vita. Conoscendola profondamente la si pu\u00f2 mettere a servizio del benessere e della bellezza.<a href=\"https:\/\/ambadue.com\/online\/questione-di-chimica\/\">[leggi tutto]<\/a><\/div>\r\n<\/div><!-- .primrose-sow-feature --><\/div><\/div><\/div><div id=\"pgc-54-2-2\"  class=\"panel-grid-cell\" ><div id=\"panel-54-2-2-0\" class=\"so-panel widget widget_primrose-sow-feature panel-first-child panel-last-child\" data-index=\"4\" ><div\n\t\t\t\n\t\t\tclass=\"so-widget-primrose-sow-feature so-widget-primrose-sow-feature-default-d75171398898-54\"\n\t\t\t\n\t\t><div class=\"primrose-sow-feature\">\r\n\t<div class=\"primrose-sow-feature-icon\"><img loading=\"lazy\" decoding=\"async\" width=\"181\" height=\"43\" src=\"https:\/\/ambadue.com\/online\/wp-content\/uploads\/2017\/09\/constellation_ambadue_3.png\" class=\"attachment-full size-full\" alt=\"\" \/><\/div>\r\n\t<h4 class=\"primrose-sow-feature-heading\" style=\"color: #333333;\">Amore al naturale<\/h4>\r\n\t<div class=\"primrose-sow-feature-description\">AMBADU\u00c9 \u00e8 un brand italiano di cosmesi biologica che parla di natura presentando delle garanzie: estratti vegetali di alta qualit\u00e0, materie prime da fonti rinnovabili, attivi di derivazione naturale altamente innovativi.\u00a0<a href=\"https:\/\/ambadue.com\/online\/amore-al-naturale\/\">[leggi tutto]<\/a><\/div>\r\n<\/div><!-- .primrose-sow-feature --><\/div><\/div><\/div><\/div><\/div><div id=\"pg-54-3\"  class=\"panel-grid panel-has-style\" ><div class=\"panel-row-style panel-row-style-for-54-3\" ><div id=\"pgc-54-3-0\"  class=\"panel-grid-cell\" ><div id=\"panel-54-3-0-0\" class=\"so-panel widget widget_primrose-sow-heading panel-first-child\" data-index=\"5\" ><div\n\t\t\t\n\t\t\tclass=\"so-widget-primrose-sow-heading so-widget-primrose-sow-heading-default-d75171398898-54\"\n\t\t\t\n\t\t><h2 class=\"primrose-sow-heading primrose-sow-alignment-center\">I nostri best sellers<\/h2><\/div><\/div><div id=\"panel-54-3-0-1\" class=\"so-panel widget widget_primrose-sow-woocommerce-posts-grid\" data-index=\"6\" ><div class=\"panel-widget-style panel-widget-style-for-54-3-0-1\" ><div\n\t\t\t\n\t\t\tclass=\"so-widget-primrose-sow-woocommerce-posts-grid so-widget-primrose-sow-woocommerce-posts-grid-default-d75171398898-54\"\n\t\t\t\n\t\t><div class=\"primrose-sow-woocommerce-posts-grid\">\r\n\t<!-- [best_selling_products per_page=\"3\" columns=\"3\" orderby=\"id\" order=\"desc\"] -->\t<div class=\"woocommerce columns-3 \"><ul class=\"products\">\n<li class=\"post-662 product type-product status-publish has-post-thumbnail product_cat-ritual first outofstock shipping-taxable purchasable product-type-simple\">\n\t<a href=\"https:\/\/ambadue.com\/online\/prodotto\/delicate-milk-cleanser\/\" class=\"woocommerce-LoopProduct-link woocommerce-loop-product__link\"><div class=\"more_button\"><img loading=\"lazy\" decoding=\"async\" width=\"2000\" height=\"1333\" src=\"https:\/\/ambadue.com\/online\/wp-content\/uploads\/2017\/10\/ED01_MILK-CLEANSER-new_AMBADUE_flacone.jpg\" class=\"attachment-post-thumbnail size-post-thumbnail wp-post-image\" alt=\"\" srcset=\"https:\/\/ambadue.com\/online\/wp-content\/uploads\/2017\/10\/ED01_MILK-CLEANSER-new_AMBADUE_flacone.jpg 2000w, https:\/\/ambadue.com\/online\/wp-content\/uploads\/2017\/10\/ED01_MILK-CLEANSER-new_AMBADUE_flacone-300x200.jpg 300w, https:\/\/ambadue.com\/online\/wp-content\/uploads\/2017\/10\/ED01_MILK-CLEANSER-new_AMBADUE_flacone-1024x682.jpg 1024w, https:\/\/ambadue.com\/online\/wp-content\/uploads\/2017\/10\/ED01_MILK-CLEANSER-new_AMBADUE_flacone-768x512.jpg 768w, https:\/\/ambadue.com\/online\/wp-content\/uploads\/2017\/10\/ED01_MILK-CLEANSER-new_AMBADUE_flacone-1536x1024.jpg 1536w, https:\/\/ambadue.com\/online\/wp-content\/uploads\/2017\/10\/ED01_MILK-CLEANSER-new_AMBADUE_flacone-18x12.jpg 18w, https:\/\/ambadue.com\/online\/wp-content\/uploads\/2017\/10\/ED01_MILK-CLEANSER-new_AMBADUE_flacone-1080x720.jpg 1080w, https:\/\/ambadue.com\/online\/wp-content\/uploads\/2017\/10\/ED01_MILK-CLEANSER-new_AMBADUE_flacone-480x320.jpg 480w, https:\/\/ambadue.com\/online\/wp-content\/uploads\/2017\/10\/ED01_MILK-CLEANSER-new_AMBADUE_flacone-272x182.jpg 272w\" sizes=\"auto, (max-width: 2000px) 100vw, 2000px\" \/><\/div><h2 class=\"woocommerce-loop-product__title\">milk cleanser<\/h2>\n\t<span class=\"price\"><span class=\"woocommerce-Price-amount amount\"><bdi>44,00<span class=\"woocommerce-Price-currencySymbol\">&euro;<\/span><\/bdi><\/span><\/span>\n<\/a><div class=\"tinv-wraper woocommerce tinv-wishlist tinvwl-before-add-to-cart tinvwl-loop-button-wrapper tinvwl-woocommerce_after_shop_loop_item\"\r\n\t data-tinvwl_product_id=\"662\">\r\n\t<a role=\"button\" tabindex=\"0\" name=\"\" aria-label=\"\" class=\"tinvwl_add_to_wishlist_button tinvwl-icon-heart no-txt  tinvwl-position-before tinvwl-loop\" data-tinv-wl-list=\"[]\" data-tinv-wl-product=\"662\" data-tinv-wl-productvariation=\"0\" data-tinv-wl-productvariations=\"[]\" data-tinv-wl-producttype=\"simple\" data-tinv-wl-action=\"add\"><\/a>\t\t<div\r\n\t\tclass=\"tinvwl-tooltip\"><\/div>\r\n<\/div>\r\n<\/li>\n<li class=\"post-971 product type-product status-publish has-post-thumbnail product_cat-ritual  instock shipping-taxable purchasable product-type-simple\">\n\t<a href=\"https:\/\/ambadue.com\/online\/prodotto\/revitalizing-mist-face-toner\/\" class=\"woocommerce-LoopProduct-link woocommerce-loop-product__link\"><div class=\"more_button\"><img loading=\"lazy\" decoding=\"async\" width=\"2000\" height=\"1333\" src=\"https:\/\/ambadue.com\/online\/wp-content\/uploads\/2018\/04\/ED44_SERUM-CLEANSER_AMBADUE_flacone.jpg\" class=\"attachment-post-thumbnail size-post-thumbnail wp-post-image\" alt=\"\" srcset=\"https:\/\/ambadue.com\/online\/wp-content\/uploads\/2018\/04\/ED44_SERUM-CLEANSER_AMBADUE_flacone.jpg 2000w, https:\/\/ambadue.com\/online\/wp-content\/uploads\/2018\/04\/ED44_SERUM-CLEANSER_AMBADUE_flacone-300x200.jpg 300w, https:\/\/ambadue.com\/online\/wp-content\/uploads\/2018\/04\/ED44_SERUM-CLEANSER_AMBADUE_flacone-1024x682.jpg 1024w, https:\/\/ambadue.com\/online\/wp-content\/uploads\/2018\/04\/ED44_SERUM-CLEANSER_AMBADUE_flacone-768x512.jpg 768w, https:\/\/ambadue.com\/online\/wp-content\/uploads\/2018\/04\/ED44_SERUM-CLEANSER_AMBADUE_flacone-1536x1024.jpg 1536w, https:\/\/ambadue.com\/online\/wp-content\/uploads\/2018\/04\/ED44_SERUM-CLEANSER_AMBADUE_flacone-18x12.jpg 18w, https:\/\/ambadue.com\/online\/wp-content\/uploads\/2018\/04\/ED44_SERUM-CLEANSER_AMBADUE_flacone-1080x720.jpg 1080w, https:\/\/ambadue.com\/online\/wp-content\/uploads\/2018\/04\/ED44_SERUM-CLEANSER_AMBADUE_flacone-480x320.jpg 480w, https:\/\/ambadue.com\/online\/wp-content\/uploads\/2018\/04\/ED44_SERUM-CLEANSER_AMBADUE_flacone-272x182.jpg 272w\" sizes=\"auto, (max-width: 2000px) 100vw, 2000px\" \/><\/div><h2 class=\"woocommerce-loop-product__title\">serum cleanser<\/h2>\n\t<span class=\"price\"><span class=\"woocommerce-Price-amount amount\"><bdi>49,00<span class=\"woocommerce-Price-currencySymbol\">&euro;<\/span><\/bdi><\/span><\/span>\n<\/a><div class=\"tinv-wraper woocommerce tinv-wishlist tinvwl-before-add-to-cart tinvwl-loop-button-wrapper tinvwl-woocommerce_after_shop_loop_item\"\r\n\t data-tinvwl_product_id=\"971\">\r\n\t<a role=\"button\" tabindex=\"0\" name=\"\" aria-label=\"\" class=\"tinvwl_add_to_wishlist_button tinvwl-icon-heart no-txt  tinvwl-position-before tinvwl-loop\" data-tinv-wl-list=\"[]\" data-tinv-wl-product=\"971\" data-tinv-wl-productvariation=\"0\" data-tinv-wl-productvariations=\"[]\" data-tinv-wl-producttype=\"simple\" data-tinv-wl-action=\"add\"><\/a>\t\t<div\r\n\t\tclass=\"tinvwl-tooltip\"><\/div>\r\n<\/div>\r\n<\/li>\n<li class=\"post-14031 product type-product status-publish has-post-thumbnail product_cat-intensive-treatment last instock shipping-taxable purchasable product-type-simple\">\n\t<a href=\"https:\/\/ambadue.com\/online\/prodotto\/neck\/\" class=\"woocommerce-LoopProduct-link woocommerce-loop-product__link\"><div class=\"more_button\"><img loading=\"lazy\" decoding=\"async\" width=\"2001\" height=\"1338\" src=\"https:\/\/ambadue.com\/online\/wp-content\/uploads\/2022\/11\/prodotto-singolo-2.png\" class=\"attachment-post-thumbnail size-post-thumbnail wp-post-image\" alt=\"\" srcset=\"https:\/\/ambadue.com\/online\/wp-content\/uploads\/2022\/11\/prodotto-singolo-2.png 2001w, https:\/\/ambadue.com\/online\/wp-content\/uploads\/2022\/11\/prodotto-singolo-2-300x201.png 300w, https:\/\/ambadue.com\/online\/wp-content\/uploads\/2022\/11\/prodotto-singolo-2-1024x685.png 1024w, https:\/\/ambadue.com\/online\/wp-content\/uploads\/2022\/11\/prodotto-singolo-2-768x514.png 768w, https:\/\/ambadue.com\/online\/wp-content\/uploads\/2022\/11\/prodotto-singolo-2-1536x1027.png 1536w, https:\/\/ambadue.com\/online\/wp-content\/uploads\/2022\/11\/prodotto-singolo-2-18x12.png 18w, https:\/\/ambadue.com\/online\/wp-content\/uploads\/2022\/11\/prodotto-singolo-2-1080x722.png 1080w, https:\/\/ambadue.com\/online\/wp-content\/uploads\/2022\/11\/prodotto-singolo-2-480x321.png 480w, https:\/\/ambadue.com\/online\/wp-content\/uploads\/2022\/11\/prodotto-singolo-2-272x182.png 272w\" sizes=\"auto, (max-width: 2001px) 100vw, 2001px\" \/><\/div><h2 class=\"woocommerce-loop-product__title\">night time neck lift<\/h2>\n\t<span class=\"price\"><span class=\"woocommerce-Price-amount amount\"><bdi>75,00<span class=\"woocommerce-Price-currencySymbol\">&euro;<\/span><\/bdi><\/span><\/span>\n<\/a><div class=\"tinv-wraper woocommerce tinv-wishlist tinvwl-before-add-to-cart tinvwl-loop-button-wrapper tinvwl-woocommerce_after_shop_loop_item\"\r\n\t data-tinvwl_product_id=\"14031\">\r\n\t<a role=\"button\" tabindex=\"0\" name=\"\" aria-label=\"\" class=\"tinvwl_add_to_wishlist_button tinvwl-icon-heart no-txt  tinvwl-position-before tinvwl-loop\" data-tinv-wl-list=\"[]\" data-tinv-wl-product=\"14031\" data-tinv-wl-productvariation=\"0\" data-tinv-wl-productvariations=\"[]\" data-tinv-wl-producttype=\"simple\" data-tinv-wl-action=\"add\"><\/a>\t\t<div\r\n\t\tclass=\"tinvwl-tooltip\"><\/div>\r\n<\/div>\r\n<\/li>\n<\/ul>\n<\/div><\/div>\r\n<\/div><\/div><\/div><div id=\"panel-54-3-0-2\" class=\"so-panel widget widget_primrose-sow-buttons panel-last-child\" data-index=\"7\" ><div\n\t\t\t\n\t\t\tclass=\"so-widget-primrose-sow-buttons so-widget-primrose-sow-buttons-default-93c253c5b1ee-54\"\n\t\t\t\n\t\t>\t<div class=\"primrose-sow-buttons primrose-sow-alignment-center\">\r\n\t\t\t\t\t<a href=\"https:\/\/ambadue.com\/online\/shop\/\"\r\n\t\t\t\tclass=\"primrose-sow-button primrose-sow-button-0 button anchor-link\"\r\n\t\t\t\t>\r\n\t\t\t\tGuarda tutti i prodotti\t\t\t<\/a>\r\n\t\t\t<\/div><!-- .primrose-sow-buttons -->\r\n<\/div><\/div><\/div><\/div><\/div><\/div>","protected":false},"excerpt":{"rendered":"<p>ORGANIC BEAUTY CARE Guarda i prodotti AMBADU\u00c9 \u00e8 un brand di eco bio cosmesi: formulazioni con attivi certificati di derivazione naturale e biologica. Chimica e Cosmesi AMBADU\u00c9 \u00e8 fondato sulla conoscenza di una chimica della bellezza funzionale e affine alla pelle. Formule altamente concentrate con attivi di derivazione vegetale e biologica. [leggi tutto] Questione di [&hellip;]<\/p>\n","protected":false},"author":1,"featured_media":0,"parent":0,"menu_order":0,"comment_status":"closed","ping_status":"closed","template":"page-templates\/blank.php","meta":{"_acf_changed":false,"footnotes":""},"coauthors":[51],"class_list":["post-54","page","type-page","status-publish","hentry"],"acf":[],"_links":{"self":[{"href":"https:\/\/ambadue.com\/online\/wp-json\/wp\/v2\/pages\/54","targetHints":{"allow":["GET"]}}],"collection":[{"href":"https:\/\/ambadue.com\/online\/wp-json\/wp\/v2\/pages"}],"about":[{"href":"https:\/\/ambadue.com\/online\/wp-json\/wp\/v2\/types\/page"}],"author":[{"embeddable":true,"href":"https:\/\/ambadue.com\/online\/wp-json\/wp\/v2\/users\/1"}],"replies":[{"embeddable":true,"href":"https:\/\/ambadue.com\/online\/wp-json\/wp\/v2\/comments?post=54"}],"version-history":[{"count":63,"href":"https:\/\/ambadue.com\/online\/wp-json\/wp\/v2\/pages\/54\/revisions"}],"predecessor-version":[{"id":13845,"href":"https:\/\/ambadue.com\/online\/wp-json\/wp\/v2\/pages\/54\/revisions\/13845"}],"wp:attachment":[{"href":"https:\/\/ambadue.com\/online\/wp-json\/wp\/v2\/media?parent=54"}],"wp:term":[{"taxonomy":"author","embeddable":true,"href":"https:\/\/ambadue.com\/online\/wp-json\/wp\/v2\/coauthors?post=54"}],"curies":[{"name":"wp","href":"https:\/\/api.w.org\/{rel}","templated":true}]}}