{"id":1327,"date":"2019-06-29T08:52:00","date_gmt":"2019-06-29T06:52:00","guid":{"rendered":"https:\/\/ambadue.com\/online\/?post_type=product&#038;p=1327"},"modified":"2026-04-08T16:24:23","modified_gmt":"2026-04-08T14:24:23","slug":"eyes-gold-edition","status":"publish","type":"product","link":"https:\/\/ambadue.com\/online\/en\/product\/eyes-gold-edition\/","title":{"rendered":"NEW Eyes- gold edition"},"content":{"rendered":"<div class=\"page\" title=\"Page 1\">\n<div class=\"section\">\n<div class=\"layoutArea\">\n<div class=\"column\">\n<p>PRESENTATION<\/p>\n<p>An eye cream formulated with colloidal gold and peptides for a protective, moisturising action that minimises the effects of time in an extremely luxurious way.<br \/>\nMyomimetic peptides combined with colloidal gold in synergy with hyaluronic acid in different molecular weights for a protective, moisturising eye cream that minimises the effects of time in an extremely luxurious way. A high concentration of functional ingredients with a strong cutaneous biochemical activity and an antioxidant and redensifying action. An effective and targeted action on wrinkles and skin elasticity.<\/p>\n<p>THE FORMULATION<br \/>\n<b><i>Colloidal Gold-<\/i> <i>Acetyl Eptapeptide-9<\/i><\/b><\/p>\n<p>L\u2019oro colloidale ha una funzione specifica e tecnologicamente avanzata: diventa scudo e carrier per aiutare i peptidi biomimetici a cui \u00e8 legato (Acetyl Eptapeptide-9) ad ottimizzare la loro biodisponibilit\u00e0 e azione pro- ageing con una mirata azione sulle rughe del contorno occhi. Lo scudo protettivo assicurer\u00e0 la stabilit\u00e0 e la biodisponibilit\u00e0 dei peptidi biomimetici a cui \u00e8 legato. Lo scudo protettivo e prezioso dato dall\u2019oro funger\u00e0 da veicolo per l\u2019assorbimento percutaneo causando un effetto \u201critardo\u201d sul rilascio del peptide a cui \u00e8 legato, cosi da assicurane la maggiore stabilit\u00e0.*<\/p>\n<p><b><i>Palmitoyl hexapeptide-19<\/i><\/b><\/p>\n<p>Esapeptide biomimetico con effetto botox- like naturale. Stimola la sintesi di collagene e ha azione filler.*<\/p>\n<p><b><i>Acetyl Glycyl \u03b2 Alanine\u00a0<\/i><\/b><\/p>\n<p>Thanks to its multi-level inhibition of the skin's pigmentation mechanism and its marked permeability, the peptide has been studied for its ability to reduce skin blemishes and improve skin radiance*. Chosen in the formulation to brighten the eyes and promote uniformity in the eye area in the event of skin discolouration. Also useful for reducing dark circles under the eyes.<\/p>\n<p><strong><i>Blend of fermented oils<\/i><\/strong><\/p>\n<p>It consists of fermented oils, a new category of vegetable oils produced through a unique oil fermentation technology that results in a higher concentration of free fatty acids and improved skin absorption.* It is well known that the penetration of active compounds depends on the size of the molecules. The properties and components of the raw materials are modified during the fermentation process, which is a process of converting organic compounds using various microorganisms. This process results in more bioavailable actives precisely because of their smaller size, which helps them better penetrate the skin.<br \/>\nA unique blend of fermented oils with antioxidant and firming properties has been chosen for the formulation for firmer and more supple skin.<\/p>\n<p>HOW TO USE<br \/>\nGently dab a small amount of cream around the eye area until it is completely absorbed. Alternatively, place a small amount of cream on the palm of your hand and use the other hand to dab it around the eye area.  Use morning and evening.<\/p>\n<p>WARNINGS<br \/>\nDermocosmetic product for external use. Do not use on irritated skin. Avoid contact with the eyes. Keep out of reach of children. Store in a cool, dry place, away from heat sources. Do not expose to sunlight. The product should not be used if there is an established individual hypersensitivity to the product or any of its ingredients. A change in colour is normal and due to the naturalness of the product.<\/p>\n<\/div>\n<\/div>\n<\/div>\n<div class=\"layoutArea\">\n<div class=\"column\">\n<p>&nbsp;<\/p>\n<\/div>\n<\/div>\n<\/div>","protected":false},"excerpt":{"rendered":"<p><span style=\"font-weight: 400\">An eye cream formulated with colloidal gold and peptides for a protective, moisturising action that minimises the effects of time in an extremely luxurious way.<\/span><\/p>\n<p><span style=\"font-weight: 400\">Dermatologically tested<\/span><span style=\"font-weight: 400\"><br \/>\n<\/span><span style=\"font-weight: 400\">Nickel tested<br \/>\n<\/span><\/p>\n<p><strong>NEW FORMULA<\/strong><\/p>","protected":false},"featured_media":1553,"template":"","meta":{"_acf_changed":false},"product_cat":[86],"product_tag":[],"class_list":{"0":"post-1327","1":"product","2":"type-product","3":"status-publish","4":"has-post-thumbnail","6":"product_cat-ultra-luxury","8":"first","9":"instock","10":"shipping-taxable","11":"purchasable","12":"product-type-simple"},"acf":[],"_links":{"self":[{"href":"https:\/\/ambadue.com\/online\/en\/wp-json\/wp\/v2\/product\/1327","targetHints":{"allow":["GET"]}}],"collection":[{"href":"https:\/\/ambadue.com\/online\/en\/wp-json\/wp\/v2\/product"}],"about":[{"href":"https:\/\/ambadue.com\/online\/en\/wp-json\/wp\/v2\/types\/product"}],"wp:featuredmedia":[{"embeddable":true,"href":"https:\/\/ambadue.com\/online\/en\/wp-json\/wp\/v2\/media\/1553"}],"wp:attachment":[{"href":"https:\/\/ambadue.com\/online\/en\/wp-json\/wp\/v2\/media?parent=1327"}],"wp:term":[{"taxonomy":"product_cat","embeddable":true,"href":"https:\/\/ambadue.com\/online\/en\/wp-json\/wp\/v2\/product_cat?post=1327"},{"taxonomy":"product_tag","embeddable":true,"href":"https:\/\/ambadue.com\/online\/en\/wp-json\/wp\/v2\/product_tag?post=1327"}],"curies":[{"name":"wp","href":"https:\/\/api.w.org\/{rel}","templated":true}]}}